{"id":29,"date":"2025-07-14T21:44:10","date_gmt":"2025-07-14T21:44:10","guid":{"rendered":"http:\/\/kindertown.tn\/?page_id=29"},"modified":"2025-07-17T21:03:10","modified_gmt":"2025-07-17T21:03:10","slug":"contact-us-2","status":"publish","type":"page","link":"https:\/\/kindertown.tn\/?page_id=29","title":{"rendered":"Contactez-nous"},"content":{"rendered":"\n<p>Vous souhaitez inscrire votre enfant ou simplement nous poser une question ?<br>Notre \u00e9quipe est \u00e0 votre \u00e9coute.<\/p>\n\n\n\n<p>\ud83d\udccd <strong>Adresse :<\/strong><br>Rue Manzel Tmim, El Mourouj 1, Ben Arous, Tunisie<\/p>\n\n\n\n<p>\ud83d\udcde <strong>T\u00e9l\u00e9phone :<\/strong><br>+216 23 548 418<\/p>\n\n\n\n<p>\ud83d\udce7 <strong>Email :<\/strong><br><a>contact@kindertown.tn<\/a><\/p>\n\n\n\n<p>\ud83d\udcf7 <strong>Suivez-nous sur Instagram :<\/strong><br><a class=\"\" href=\"https:\/\/www.instagram.com\/kindertown.tn\/\">kindertown.tn<\/a><\/p>\n\n\n\n<p>\ud83d\udd50 <strong>Horaires d&#8217;ouverture :<\/strong><br>Du lundi au vendredi : 7h00- 18h00<br>Samedi et dimanche : ferm\u00e9<\/p>\n\n\n\n<p><\/p>\n","protected":false},"excerpt":{"rendered":"<p>Vous souhaitez inscrire votre enfant ou simplement nous poser une question ?Notre \u00e9quipe est \u00e0 votre \u00e9coute. \ud83d\udccd Adresse :Rue Manzel Tmim, El Mourouj 1, Ben Arous, Tunisie \ud83d\udcde T\u00e9l\u00e9phone :+216 23 548 418 \ud83d\udce7 Email :contact@kindertown.tn \ud83d\udcf7 Suivez-nous sur Instagram :kindertown.tn \ud83d\udd50 Horaires d&#8217;ouverture :Du lundi au vendredi : 7h00- 18h00Samedi et dimanche : [&hellip;]<\/p>\n","protected":false},"author":1,"featured_media":0,"parent":0,"menu_order":0,"comment_status":"closed","ping_status":"closed","template":"","meta":{"_regular_price":[],"currency_symbol":[],"footnotes":""},"class_list":["post-29","page","type-page","status-publish","hentry"],"post_slider_layout_featured_media_urls":{"thumbnail":"","post_slider_layout_landscape_large":"","post_slider_layout_portrait_large":"","post_slider_layout_square_large":"","post_slider_layout_landscape":"","post_slider_layout_portrait":"","post_slider_layout_square":"","full":""},"_links":{"self":[{"href":"https:\/\/kindertown.tn\/index.php?rest_route=\/wp\/v2\/pages\/29","targetHints":{"allow":["GET"]}}],"collection":[{"href":"https:\/\/kindertown.tn\/index.php?rest_route=\/wp\/v2\/pages"}],"about":[{"href":"https:\/\/kindertown.tn\/index.php?rest_route=\/wp\/v2\/types\/page"}],"author":[{"embeddable":true,"href":"https:\/\/kindertown.tn\/index.php?rest_route=\/wp\/v2\/users\/1"}],"replies":[{"embeddable":true,"href":"https:\/\/kindertown.tn\/index.php?rest_route=%2Fwp%2Fv2%2Fcomments&post=29"}],"version-history":[{"count":2,"href":"https:\/\/kindertown.tn\/index.php?rest_route=\/wp\/v2\/pages\/29\/revisions"}],"predecessor-version":[{"id":108,"href":"https:\/\/kindertown.tn\/index.php?rest_route=\/wp\/v2\/pages\/29\/revisions\/108"}],"wp:attachment":[{"href":"https:\/\/kindertown.tn\/index.php?rest_route=%2Fwp%2Fv2%2Fmedia&parent=29"}],"curies":[{"name":"wp","href":"https:\/\/api.w.org\/{rel}","templated":true}]}}