{"id":27,"date":"2025-07-14T21:44:10","date_gmt":"2025-07-14T21:44:10","guid":{"rendered":"http:\/\/kindertown.tn\/?page_id=27"},"modified":"2025-07-17T21:15:51","modified_gmt":"2025-07-17T21:15:51","slug":"about-us","status":"publish","type":"page","link":"https:\/\/kindertown.tn\/?page_id=27","title":{"rendered":"Bienvenue chez KinderTown"},"content":{"rendered":"\n<p>Chez KinderTown, nous croyons que chaque enfant est unique.<br>Notre mission est d&#8217;offrir un environnement <strong>chaleureux<\/strong>, <strong>s\u00e9curis\u00e9<\/strong> et <strong>stimulant<\/strong> o\u00f9 chaque enfant peut <strong>grandir<\/strong>, <strong>apprendre<\/strong> et <strong>s\u2019\u00e9panouir \u00e0 son propre rythme<\/strong>.<\/p>\n\n\n\n<p>Implant\u00e9 \u00e0 <strong>El Mourouj 1 Tunisie<\/strong>, notre \u00e9tablissement accueille les enfants d\u00e8s l&#8217;\u00e2ge de <strong>2 ans et demi<\/strong>. Nous proposons un encadrement professionnel et bienveillant, avec des activit\u00e9s adapt\u00e9es pour favoriser le d\u00e9veloppement moteur, cognitif, social et \u00e9motionnel des petits.<\/p>\n\n\n\n<p>\ud83c\udf3c <strong>Notre engagement :<\/strong><\/p>\n\n\n\n<ul class=\"wp-block-list\">\n<li>Respect du rythme et de la personnalit\u00e9 de chaque enfant<\/li>\n\n\n\n<li>Apprentissage par le jeu et la d\u00e9couverte<\/li>\n\n\n\n<li>Communication transparente avec les familles<\/li>\n\n\n\n<li>Introduction ludique au fran\u00e7ais, \u00e0 l\u2019anglais et \u00e0 d&#8217;autres langues<\/li>\n<\/ul>\n\n\n\n<p>KinderTown, c&#8217;est avant tout un jardin d&#8217;enfants o\u00f9 votre enfant se sentira comme chez lui.<\/p>\n","protected":false},"excerpt":{"rendered":"<p>Chez KinderTown, nous croyons que chaque enfant est unique.Notre mission est d&#8217;offrir un environnement chaleureux, s\u00e9curis\u00e9 et stimulant o\u00f9 chaque enfant peut grandir, apprendre et s\u2019\u00e9panouir \u00e0 son propre rythme. Implant\u00e9 \u00e0 El Mourouj 1 Tunisie, notre \u00e9tablissement accueille les enfants d\u00e8s l&#8217;\u00e2ge de 2 ans et demi. Nous proposons un encadrement professionnel et bienveillant, [&hellip;]<\/p>\n","protected":false},"author":1,"featured_media":0,"parent":0,"menu_order":0,"comment_status":"closed","ping_status":"closed","template":"","meta":{"_regular_price":[],"currency_symbol":[],"footnotes":""},"class_list":["post-27","page","type-page","status-publish","hentry"],"post_slider_layout_featured_media_urls":{"thumbnail":"","post_slider_layout_landscape_large":"","post_slider_layout_portrait_large":"","post_slider_layout_square_large":"","post_slider_layout_landscape":"","post_slider_layout_portrait":"","post_slider_layout_square":"","full":""},"_links":{"self":[{"href":"https:\/\/kindertown.tn\/index.php?rest_route=\/wp\/v2\/pages\/27","targetHints":{"allow":["GET"]}}],"collection":[{"href":"https:\/\/kindertown.tn\/index.php?rest_route=\/wp\/v2\/pages"}],"about":[{"href":"https:\/\/kindertown.tn\/index.php?rest_route=\/wp\/v2\/types\/page"}],"author":[{"embeddable":true,"href":"https:\/\/kindertown.tn\/index.php?rest_route=\/wp\/v2\/users\/1"}],"replies":[{"embeddable":true,"href":"https:\/\/kindertown.tn\/index.php?rest_route=%2Fwp%2Fv2%2Fcomments&post=27"}],"version-history":[{"count":4,"href":"https:\/\/kindertown.tn\/index.php?rest_route=\/wp\/v2\/pages\/27\/revisions"}],"predecessor-version":[{"id":110,"href":"https:\/\/kindertown.tn\/index.php?rest_route=\/wp\/v2\/pages\/27\/revisions\/110"}],"wp:attachment":[{"href":"https:\/\/kindertown.tn\/index.php?rest_route=%2Fwp%2Fv2%2Fmedia&parent=27"}],"curies":[{"name":"wp","href":"https:\/\/api.w.org\/{rel}","templated":true}]}}