{"id":101,"date":"2025-07-17T20:50:56","date_gmt":"2025-07-17T20:50:56","guid":{"rendered":"http:\/\/kindertown.tn\/?page_id=101"},"modified":"2025-07-17T21:02:57","modified_gmt":"2025-07-17T21:02:57","slug":"nos-services-chez-kindertown","status":"publish","type":"page","link":"https:\/\/kindertown.tn\/?page_id=101","title":{"rendered":"Nos Services chez KinderTown"},"content":{"rendered":"\n<p><\/p>\n\n\n\n<p><strong>\u2022 Jardin d\u2019enfants<\/strong><br>Activit\u00e9s \u00e9ducatives et ludiques pour pr\u00e9parer les enfants \u00e0 l\u2019\u00e9cole primaire, tout en favorisant leur curiosit\u00e9 naturelle.<\/p>\n\n\n\n<p><strong>\u2022 \u00c9veil aux langues<\/strong><br>Introduction progressive au fran\u00e7ais, \u00e0 l\u2019anglais et \u00e0 d&#8217;autres langues, de mani\u00e8re naturelle et amusante.<\/p>\n\n\n\n<p><strong>\u2022 Ateliers cr\u00e9atifs et sensoriels<\/strong><br>Dessin, peinture, chant, musique, jeux de motricit\u00e9 et plus encore.<\/p>\n\n\n\n<p><strong>\u2022 Repas sains et \u00e9quilibr\u00e9s<\/strong><br>Repas adapt\u00e9s et vari\u00e9s, cuisin\u00e9s sur place, pour le bien-\u00eatre des enfants.<\/p>\n\n\n\n<p><strong>\u2022 Garderie apr\u00e8s-midi<\/strong><br>Accueil flexible des enfants avec jeux et ateliers \u00e9ducatifs.<\/p>\n\n\n\n<p><strong>\u2022 Communication avec les parents<\/strong><br>Suivi r\u00e9gulier et \u00e9changes transparents sur le d\u00e9veloppement et les progr\u00e8s de chaque enfant.<\/p>\n","protected":false},"excerpt":{"rendered":"<p>\u2022 Jardin d\u2019enfantsActivit\u00e9s \u00e9ducatives et ludiques pour pr\u00e9parer les enfants \u00e0 l\u2019\u00e9cole primaire, tout en favorisant leur curiosit\u00e9 naturelle. \u2022 \u00c9veil aux languesIntroduction progressive au fran\u00e7ais, \u00e0 l\u2019anglais et \u00e0 d&#8217;autres langues, de mani\u00e8re naturelle et amusante. \u2022 Ateliers cr\u00e9atifs et sensorielsDessin, peinture, chant, musique, jeux de motricit\u00e9 et plus encore. \u2022 Repas sains et [&hellip;]<\/p>\n","protected":false},"author":1,"featured_media":0,"parent":0,"menu_order":0,"comment_status":"closed","ping_status":"closed","template":"","meta":{"_regular_price":[],"currency_symbol":[],"footnotes":""},"class_list":["post-101","page","type-page","status-publish","hentry"],"post_slider_layout_featured_media_urls":{"thumbnail":"","post_slider_layout_landscape_large":"","post_slider_layout_portrait_large":"","post_slider_layout_square_large":"","post_slider_layout_landscape":"","post_slider_layout_portrait":"","post_slider_layout_square":"","full":""},"_links":{"self":[{"href":"https:\/\/kindertown.tn\/index.php?rest_route=\/wp\/v2\/pages\/101","targetHints":{"allow":["GET"]}}],"collection":[{"href":"https:\/\/kindertown.tn\/index.php?rest_route=\/wp\/v2\/pages"}],"about":[{"href":"https:\/\/kindertown.tn\/index.php?rest_route=\/wp\/v2\/types\/page"}],"author":[{"embeddable":true,"href":"https:\/\/kindertown.tn\/index.php?rest_route=\/wp\/v2\/users\/1"}],"replies":[{"embeddable":true,"href":"https:\/\/kindertown.tn\/index.php?rest_route=%2Fwp%2Fv2%2Fcomments&post=101"}],"version-history":[{"count":2,"href":"https:\/\/kindertown.tn\/index.php?rest_route=\/wp\/v2\/pages\/101\/revisions"}],"predecessor-version":[{"id":107,"href":"https:\/\/kindertown.tn\/index.php?rest_route=\/wp\/v2\/pages\/101\/revisions\/107"}],"wp:attachment":[{"href":"https:\/\/kindertown.tn\/index.php?rest_route=%2Fwp%2Fv2%2Fmedia&parent=101"}],"curies":[{"name":"wp","href":"https:\/\/api.w.org\/{rel}","templated":true}]}}